{"id":6,"date":"2013-08-30T15:08:01","date_gmt":"2013-08-30T15:08:01","guid":{"rendered":"http:\/\/sv-kiedrich.de\/?page_id=6"},"modified":"2021-11-01T17:09:13","modified_gmt":"2021-11-01T16:09:13","slug":"impressum","status":"publish","type":"page","link":"https:\/\/sv-kiedrich.de\/?page_id=6","title":{"rendered":"Impressum"},"content":{"rendered":"<p>Vereinsname: Sch\u00fctzenverein Kiedrich 1930 e.V.<br \/>\nAnschrift: Waldstrasse 22<br \/>\nPLZ\/Ort: 65399 Kiedrich<br \/>\nE-Mail: H-J.Speicher@SV-Kiedrich.de<\/p>\n<p>Vereinsregister: Amtsgericht Wiesbaden<br \/>\nRegisternummer: VR5721<br \/>\nVerantwortlich f\u00fcr die Website: Moritz Sprick<\/p>\n<p>Mitglied des Deutschen Sch\u00fctzenbundes, des Hessischen Sch\u00fctzen Verbandes e.V. (Vereins-Nr.: 3100019) und des Landessportbundes Hessen e.V.<\/p>\n<p>Haftungsausschlu\u00df f\u00fcr Seiten Dritter<br \/>\nIm folgenden wird der Sch\u00fctzenverein (SV-)Kiedrich 1930 e.V. als &#8222;Betreiber&#8220; bezeichnet:<\/p>\n<p>a. Die Seiten des Internetauftritts enthalten auch Verkn\u00fcpfungen (sog. &#8222;Hyperlinks&#8220;) zu Websites im Internet, die von Dritten gepflegt werden und deren Inhalte dem Betreiber nicht bekannt sind. Der Betreiber vermittelt lediglich den Zugang zu diesen Websites und \u00fcbernimmt keinerlei Verantwortung f\u00fcr deren Inhalte. Die Links auf fremde Internetseiten dienen lediglich zur Erleichterung Ihre Navigation. Wir machen uns die auf verlinkten Seiten dargestellten Aussagen nicht zu eigen. Insbesondere haften wir nicht f\u00fcr dort begangene Verst\u00f6\u00dfe gegen gesetzliche Bestimmungen und Rechte Dritter.<\/p>\n<p>b. Die Inhaber der Internetseiten, zu denen \u00fcber den von dem Betreiber betriebenen Internetauftritt ein Hyperlink besteht, sind sowohl f\u00fcr deren Inhalt als auch f\u00fcr den Verkauf der dort angebotenen Produkte und die Abwicklung der Bestellung allein verantwortlich.<\/p>\n<p>c. Der Betreiber haftet nicht f\u00fcr die Verletzung von Urheberrechten, Marken und Pers\u00f6nlichkeitsrechten, die auf einer mit einem Hyperlink versehenen Seite begangen werden.<\/p>\n<p>Haftungsausschluss Inhalte<br \/>\nF\u00fcr die Aktualit\u00e4t, Korrektheit, Vollst\u00e4ndigkeit oder Qualit\u00e4t der bereitgestellten Informationen wird keinerlei Gew\u00e4hr \u00fcbernommen. Haftungsanspr\u00fcche, welche sich auf Sch\u00e4den materieller oder ideeller Art beziehen, die durch die Nutzung oder Nichtnutzung der dargebotenen Informationen bzw. durch die Nutzung fehlerhafter und unvollst\u00e4ndiger Informationen verursacht wurden, sind grunds\u00e4tzlich ausgeschlossen.<\/p>\n<p>Alle Angebote sind frei bleibend und unverbindlich. Der Betreiber beh\u00e4lt sich ausdr\u00fccklich vor, Teile der Seiten oder das gesamte Angebot ohne gesonderte Ank\u00fcndigung zu ver\u00e4ndern, zu erg\u00e4nzen, zu l\u00f6schen oder die Ver\u00f6ffentlichung zeitweise oder entg\u00fcltig einzustellen<\/p>\n","protected":false},"excerpt":{"rendered":"<p>Vereinsname: Sch\u00fctzenverein Kiedrich 1930 e.V. Anschrift: Waldstrasse 22 PLZ\/Ort: 65399 Kiedrich E-Mail: H-J.Speicher@SV-Kiedrich.de Vereinsregister: Amtsgericht Wiesbaden Registernummer: VR5721 Verantwortlich f\u00fcr die Website: Moritz Sprick Mitglied des Deutschen Sch\u00fctzenbundes, des Hessischen Sch\u00fctzen Verbandes e.V. (Vereins-Nr.: 3100019) und des Landessportbundes Hessen e.V. &hellip; <a href=\"https:\/\/sv-kiedrich.de\/?page_id=6\">Weiterlesen <span class=\"meta-nav\">&rarr;<\/span><\/a><\/p>\n","protected":false},"author":1,"featured_media":0,"parent":0,"menu_order":0,"comment_status":"closed","ping_status":"closed","template":"","meta":{"ngg_post_thumbnail":0,"_mc_calendar":[],"footnotes":""},"class_list":["post-6","page","type-page","status-publish","hentry"],"_links":{"self":[{"href":"https:\/\/sv-kiedrich.de\/index.php?rest_route=\/wp\/v2\/pages\/6"}],"collection":[{"href":"https:\/\/sv-kiedrich.de\/index.php?rest_route=\/wp\/v2\/pages"}],"about":[{"href":"https:\/\/sv-kiedrich.de\/index.php?rest_route=\/wp\/v2\/types\/page"}],"author":[{"embeddable":true,"href":"https:\/\/sv-kiedrich.de\/index.php?rest_route=\/wp\/v2\/users\/1"}],"replies":[{"embeddable":true,"href":"https:\/\/sv-kiedrich.de\/index.php?rest_route=%2Fwp%2Fv2%2Fcomments&post=6"}],"version-history":[{"count":13,"href":"https:\/\/sv-kiedrich.de\/index.php?rest_route=\/wp\/v2\/pages\/6\/revisions"}],"predecessor-version":[{"id":2166,"href":"https:\/\/sv-kiedrich.de\/index.php?rest_route=\/wp\/v2\/pages\/6\/revisions\/2166"}],"wp:attachment":[{"href":"https:\/\/sv-kiedrich.de\/index.php?rest_route=%2Fwp%2Fv2%2Fmedia&parent=6"}],"curies":[{"name":"wp","href":"https:\/\/api.w.org\/{rel}","templated":true}]}}