{"id":34,"date":"2013-08-30T15:43:06","date_gmt":"2013-08-30T15:43:06","guid":{"rendered":"http:\/\/sv-kiedrich.de\/?page_id=34"},"modified":"2015-04-29T14:18:51","modified_gmt":"2015-04-29T14:18:51","slug":"jugendtraining-2","status":"publish","type":"page","link":"https:\/\/sv-kiedrich.de\/?page_id=34","title":{"rendered":"Jugendtraining"},"content":{"rendered":"<p>Jugendliche, (Sch\u00fclerinnen und Sch\u00fcler)<br \/>\nab vollendetem 12ten Lebensjahr haben<br \/>\ndie M\u00f6glichkeit mit Vereinseigenen Luft-<br \/>\nDruckwaffen zu \u00fcben und an den<br \/>\nentsprechenden Wettk\u00e4mpfen teilzunehmen.<\/p>\n<p>Interessierte Jugendliche sind willkommen,<br \/>\neine Voranmeldung ist notwendig.<\/p>\n","protected":false},"excerpt":{"rendered":"<p>Jugendliche, (Sch\u00fclerinnen und Sch\u00fcler) ab vollendetem 12ten Lebensjahr haben die M\u00f6glichkeit mit Vereinseigenen Luft- Druckwaffen zu \u00fcben und an den entsprechenden Wettk\u00e4mpfen teilzunehmen. Interessierte Jugendliche sind willkommen, eine Voranmeldung ist notwendig.<\/p>\n","protected":false},"author":1,"featured_media":0,"parent":0,"menu_order":0,"comment_status":"closed","ping_status":"closed","template":"","meta":{"ngg_post_thumbnail":0,"_mc_calendar":[],"footnotes":""},"class_list":["post-34","page","type-page","status-publish","hentry"],"_links":{"self":[{"href":"https:\/\/sv-kiedrich.de\/index.php?rest_route=\/wp\/v2\/pages\/34"}],"collection":[{"href":"https:\/\/sv-kiedrich.de\/index.php?rest_route=\/wp\/v2\/pages"}],"about":[{"href":"https:\/\/sv-kiedrich.de\/index.php?rest_route=\/wp\/v2\/types\/page"}],"author":[{"embeddable":true,"href":"https:\/\/sv-kiedrich.de\/index.php?rest_route=\/wp\/v2\/users\/1"}],"replies":[{"embeddable":true,"href":"https:\/\/sv-kiedrich.de\/index.php?rest_route=%2Fwp%2Fv2%2Fcomments&post=34"}],"version-history":[{"count":6,"href":"https:\/\/sv-kiedrich.de\/index.php?rest_route=\/wp\/v2\/pages\/34\/revisions"}],"predecessor-version":[{"id":501,"href":"https:\/\/sv-kiedrich.de\/index.php?rest_route=\/wp\/v2\/pages\/34\/revisions\/501"}],"wp:attachment":[{"href":"https:\/\/sv-kiedrich.de\/index.php?rest_route=%2Fwp%2Fv2%2Fmedia&parent=34"}],"curies":[{"name":"wp","href":"https:\/\/api.w.org\/{rel}","templated":true}]}}