{"id":270,"date":"2014-06-03T19:30:51","date_gmt":"2014-06-03T19:30:51","guid":{"rendered":"http:\/\/sv-kiedrich.de\/?page_id=270"},"modified":"2024-12-10T10:33:06","modified_gmt":"2024-12-10T09:33:06","slug":"formulare","status":"publish","type":"page","link":"https:\/\/sv-kiedrich.de\/?page_id=270","title":{"rendered":"Formulare"},"content":{"rendered":"<p><strong>Hier finden Sie&nbsp;verschiedene Dokumente zum Download:<\/strong><\/p>\n<p><a href=\"http:\/\/sv-kiedrich.de\/wp-content\/uploads\/2023\/11\/Satzung-Schuetzenverein-04_11_2022-VV-1.pdf\">Satzung Sch\u00fctzenverein 04.11.2022<\/a><\/p>\n<p><a href=\"http:\/\/sv-kiedrich.de\/wp-content\/uploads\/2024\/10\/Beitragsordnung-2023.pdf\">Beitragsordnung 2023<\/a><\/p>\n<p><a href=\"http:\/\/sv-kiedrich.de\/wp-content\/uploads\/2014\/06\/Ueberlassung_Schusswaffen.pdf\" target=\"_blank\" rel=\"noopener noreferrer\">\u00dcberlassung Schusswaffen f\u00fcr max. 30 Tage<\/a><\/p>\n<p><a href=\"http:\/\/sv-kiedrich.de\/wp-content\/uploads\/2021\/11\/Eintrittserkl\u00e4rung.pdf\">Eintrittserkl\u00e4rung<\/a>&nbsp;&nbsp; <em><strong>(Erforderlich zur Neuanmeldung im Sch\u00fctzenverein Kiedrich 1930. Bitte ausdrucken, ausf\u00fcllen und abgeben)<\/strong><\/em><\/p>\n<p><a href=\"http:\/\/sv-kiedrich.de\/wp-content\/uploads\/2019\/12\/DSGV-3.pdf\">DSGVO<\/a>&nbsp;&nbsp; <em><strong>(Erforderlich zur Neuanmeldung im Sch\u00fctzenverein Kiedrich 1930. Bitte ausdrucken, ausf\u00fcllen und abgeben)<\/strong><\/em><\/p>\n<p><a href=\"https:\/\/www.hessischer-schuetzenverband.de\/recht\/waffen\/waffenerwerb-fuer-sportschuetzen\">Link zu Waffenerwerb f\u00fcr Sportsch\u00fctzen<\/a><\/p>\n<p><a href=\"https:\/\/www.hessischer-schuetzenverband.de\/recht\/waffen\/waffenerwerb-fuer-sportschuetzen\/allgemeine-hinweise-zur-beantragung\">Allgemeine Hinweise zur Beantragung<\/a><\/p>\n<p><a href=\"https:\/\/www.hessischer-schuetzenverband.de\/fileadmin\/user_upload\/Beduerfnisbescheinigung2020.pdf\"><span dir=\"ltr\" role=\"presentation\">Best\u00e4tigung \u00fcber das Bed\u00fcrfnis zum Erwerb einer Waffe (\u00a7 14 WaffG)<\/span><\/a><\/p>\n<p><a href=\"https:\/\/www.hessischer-schuetzenverband.de\/fileadmin\/user_upload\/SchiessnachweisFormular.pdf\"><span dir=\"ltr\" role=\"presentation\">Nachweis der Sportsch\u00fctzeneigenschaft <\/span><span dir=\"ltr\" aria-owns=\"pdfjs_internal_id_173R pdfjs_internal_id_174R pdfjs_internal_id_175R\">zum Erwerb einer Sportwaffe nach \u00a7 14 Waffengesetz<\/span><\/a><\/p>\n<p><a href=\"https:\/\/www.hessischer-schuetzenverband.de\/fileadmin\/user_upload\/NachweisWettkampf.pdf\"><span dir=\"ltr\" role=\"presentation\">Nachweis der Wettkampfteilnahme<\/span><\/a><\/p>\n<p><a href=\"https:\/\/www.hessischer-schuetzenverband.de\/sport\/sport\/hessische-meisterschaften-2023\">Link zu hessischen Meisterschaften 2023<\/a><\/p>\n","protected":false},"excerpt":{"rendered":"<p>Hier finden Sie&nbsp;verschiedene Dokumente zum Download: Satzung Sch\u00fctzenverein 04.11.2022 Beitragsordnung 2023 \u00dcberlassung Schusswaffen f\u00fcr max. 30 Tage Eintrittserkl\u00e4rung&nbsp;&nbsp; (Erforderlich zur Neuanmeldung im Sch\u00fctzenverein Kiedrich 1930. Bitte ausdrucken, ausf\u00fcllen und abgeben) DSGVO&nbsp;&nbsp; (Erforderlich zur Neuanmeldung im Sch\u00fctzenverein Kiedrich 1930. Bitte ausdrucken, &hellip; <a href=\"https:\/\/sv-kiedrich.de\/?page_id=270\">Weiterlesen <span class=\"meta-nav\">&rarr;<\/span><\/a><\/p>\n","protected":false},"author":1,"featured_media":0,"parent":0,"menu_order":0,"comment_status":"closed","ping_status":"closed","template":"","meta":{"ngg_post_thumbnail":0,"_mc_calendar":[],"footnotes":""},"class_list":["post-270","page","type-page","status-publish","hentry"],"_links":{"self":[{"href":"https:\/\/sv-kiedrich.de\/index.php?rest_route=\/wp\/v2\/pages\/270"}],"collection":[{"href":"https:\/\/sv-kiedrich.de\/index.php?rest_route=\/wp\/v2\/pages"}],"about":[{"href":"https:\/\/sv-kiedrich.de\/index.php?rest_route=\/wp\/v2\/types\/page"}],"author":[{"embeddable":true,"href":"https:\/\/sv-kiedrich.de\/index.php?rest_route=\/wp\/v2\/users\/1"}],"replies":[{"embeddable":true,"href":"https:\/\/sv-kiedrich.de\/index.php?rest_route=%2Fwp%2Fv2%2Fcomments&post=270"}],"version-history":[{"count":33,"href":"https:\/\/sv-kiedrich.de\/index.php?rest_route=\/wp\/v2\/pages\/270\/revisions"}],"predecessor-version":[{"id":2511,"href":"https:\/\/sv-kiedrich.de\/index.php?rest_route=\/wp\/v2\/pages\/270\/revisions\/2511"}],"wp:attachment":[{"href":"https:\/\/sv-kiedrich.de\/index.php?rest_route=%2Fwp%2Fv2%2Fmedia&parent=270"}],"curies":[{"name":"wp","href":"https:\/\/api.w.org\/{rel}","templated":true}]}}